{"id":577,"date":"2026-04-13T22:17:29","date_gmt":"2026-04-13T19:17:29","guid":{"rendered":"https:\/\/novac.us\/?post_type=product&#038;p=577"},"modified":"2026-04-19T04:33:51","modified_gmt":"2026-04-19T01:33:51","slug":"finally-spring-in-sfarsit-primavara","status":"publish","type":"product","link":"https:\/\/novac.us\/ro\/produs\/finally-spring-in-sfarsit-primavara\/","title":{"rendered":"Finally Spring (\u00cen sf\u00e2r\u0219it, prim\u0103vara)"},"content":{"rendered":"<p>CANVAS Oil Painting<\/p>\n<p>Dimensiune: 20&#8243; x 24&#8243;<\/p>\n<p>Anul: 2026<\/p>\n<section class=\"text-token-text-primary w-full focus:outline-none [--shadow-height:45px] has-data-writing-block:pointer-events-none has-data-writing-block:-mt-(--shadow-height) has-data-writing-block:pt-(--shadow-height) [&amp;:has([data-writing-block])&gt;*]:pointer-events-auto scroll-mt-(--header-height)\" dir=\"auto\" data-turn-id=\"b4a94590-b645-4a63-86c1-84598a82c328\" data-testid=\"conversation-turn-29\" data-scroll-anchor=\"false\" data-turn=\"user\"><\/section>\n<section class=\"text-token-text-primary w-full focus:outline-none [--shadow-height:45px] has-data-writing-block:pointer-events-none has-data-writing-block:-mt-(--shadow-height) has-data-writing-block:pt-(--shadow-height) [&amp;:has([data-writing-block])&gt;*]:pointer-events-auto scroll-mt-[calc(var(--header-height)+min(200px,max(70px,20svh)))]\" dir=\"auto\" data-turn-id=\"request-WEB:7ad3ec38-8dc9-415b-89f1-3f5537ab45b7-46\" data-testid=\"conversation-turn-30\" data-scroll-anchor=\"true\" data-turn=\"assistant\">\n<div class=\"text-base my-auto mx-auto pb-10 [--thread-content-margin:var(--thread-content-margin-xs,calc(var(--spacing)*4))] @w-sm\/main:[--thread-content-margin:var(--thread-content-margin-sm,calc(var(--spacing)*6))] @w-lg\/main:[--thread-content-margin:var(--thread-content-margin-lg,calc(var(--spacing)*16))] px-(--thread-content-margin)\">\n<div class=\"[--thread-content-max-width:40rem] @w-lg\/main:[--thread-content-max-width:48rem] mx-auto max-w-(--thread-content-max-width) flex-1 group\/turn-messages focus-visible:outline-hidden relative flex w-full min-w-0 flex-col agent-turn\">\n<div class=\"flex max-w-full flex-col gap-4 grow\">\n<div class=\"min-h-8 text-message relative flex w-full flex-col items-end gap-2 text-start break-words whitespace-normal outline-none keyboard-focused:focus-ring [.text-message+&amp;]:mt-1\" dir=\"auto\" tabindex=\"0\" data-message-author-role=\"assistant\" data-message-id=\"84c1316e-3057-4a6b-b526-f260c424b973\" data-message-model-slug=\"gpt-5-3\" data-turn-start-message=\"true\">\n<div class=\"flex w-full flex-col gap-1 empty:hidden\">\n<div class=\"markdown prose dark:prose-invert w-full wrap-break-word light markdown-new-styling\">\n<p data-start=\"0\" data-end=\"484\" data-is-last-node=\"\" data-is-only-node=\"\">\u201e\u00cen sf\u00e2r\u0219it prim\u0103vara\u201d surprinde revenirea bl\u00e2nd\u0103 a fericirii \u0219i speran\u021bei dup\u0103 o iarn\u0103 lung\u0103 \u0219i t\u0103cut\u0103. Prin pasteluri luminoase, pictura evoc\u0103 re\u00eennoirea, c\u0103ldura \u0219i frumuse\u021bea delicat\u0103 a unui nou \u00eenceput plin de lumin\u0103. Te invit\u0103 s\u0103 vezi cu inima \u2014 s\u0103 redescoperi frumuse\u021bea chiar \u0219i dup\u0103 cele mai lungi anotimpuri de a\u0219teptare. A tr\u0103i \u00een prezent, \u00eenconjurat de copaci \u00eenflori\u021bi \u0219i flori, deschide inima c\u0103tre speran\u021b\u0103 \u0219i o p\u0103streaz\u0103 vie, cu o bucurie lini\u0219tit\u0103 \u0219i durabil\u0103.<\/p>\n<\/div>\n<\/div>\n<\/div>\n<\/div>\n<\/div>\n<\/div>\n<\/section>\n","protected":false},"excerpt":{"rendered":"<p>CANVAS Oil Painting Dimensiune: 20&#8243; x 24&#8243; Anul: 2026 \u201e\u00cen sf\u00e2r\u0219it prim\u0103vara\u201d surprinde revenirea bl\u00e2nd\u0103 a fericirii \u0219i speran\u021bei dup\u0103 o iarn\u0103 lung\u0103 \u0219i t\u0103cut\u0103. Prin pasteluri luminoase, pictura evoc\u0103 re\u00eennoirea, c\u0103ldura \u0219i frumuse\u021bea delicat\u0103 a unui nou \u00eenceput plin de lumin\u0103. Te invit\u0103 s\u0103 vezi cu inima \u2014 s\u0103 redescoperi frumuse\u021bea chiar \u0219i dup\u0103 [&hellip;]<\/p>\n","protected":false},"featured_media":576,"template":"","meta":{"_acf_changed":false},"product_brand":[],"product_cat":[34],"product_tag":[],"class_list":{"0":"post-577","1":"product","2":"type-product","3":"status-publish","4":"has-post-thumbnail","6":"product_cat-shop-art","8":"first","9":"instock","10":"shipping-taxable","11":"purchasable","12":"product-type-simple"},"acf":[],"_links":{"self":[{"href":"https:\/\/novac.us\/ro\/wp-json\/wp\/v2\/product\/577","targetHints":{"allow":["GET"]}}],"collection":[{"href":"https:\/\/novac.us\/ro\/wp-json\/wp\/v2\/product"}],"about":[{"href":"https:\/\/novac.us\/ro\/wp-json\/wp\/v2\/types\/product"}],"wp:featuredmedia":[{"embeddable":true,"href":"https:\/\/novac.us\/ro\/wp-json\/wp\/v2\/media\/576"}],"wp:attachment":[{"href":"https:\/\/novac.us\/ro\/wp-json\/wp\/v2\/media?parent=577"}],"wp:term":[{"taxonomy":"product_brand","embeddable":true,"href":"https:\/\/novac.us\/ro\/wp-json\/wp\/v2\/product_brand?post=577"},{"taxonomy":"product_cat","embeddable":true,"href":"https:\/\/novac.us\/ro\/wp-json\/wp\/v2\/product_cat?post=577"},{"taxonomy":"product_tag","embeddable":true,"href":"https:\/\/novac.us\/ro\/wp-json\/wp\/v2\/product_tag?post=577"}],"curies":[{"name":"wp","href":"https:\/\/api.w.org\/{rel}","templated":true}]}}