{"id":498,"date":"2026-03-30T23:58:09","date_gmt":"2026-03-30T20:58:09","guid":{"rendered":"https:\/\/novac.us\/?post_type=product&#038;p=498"},"modified":"2026-04-14T00:25:48","modified_gmt":"2026-04-13T21:25:48","slug":"surprize-surpriza","status":"publish","type":"product","link":"https:\/\/novac.us\/ro\/produs\/surprize-surpriza\/","title":{"rendered":"Surpriza"},"content":{"rendered":"<p>CANVAS Oil Painting<\/p>\n<p>Dimensiune: 20&#8243; x 24&#8243;<\/p>\n<p>Anul: 2026<\/p>\n<p>Inspirat\u0103 de o surpriz\u0103, aceast\u0103 lucrare reflect\u0103 momentele \u00een care grija \u0219i convingerea se \u00eempletesc cu delicate\u021be, asemenea nuan\u021belor pastelate \u0219i luminoase din picturile impresioni\u0219tilor. Sper ca privitorii s\u0103 simt\u0103 o stare de calm, c\u0103ldur\u0103 \u0219i bucurie lini\u0219tit\u0103. Am ales uleiul ca mediu datorit\u0103 capacit\u0103\u021bii sale de a \u00eembina subtil culorile \u0219i de a crea acel efect str\u0103lucitor, atmosferic, iar compozi\u021bia se concentreaz\u0103 pe un moment fericit, pun\u00e2nd \u00een valoare emo\u021bia, conexiunea \u0219i frumuse\u021bea sufletelor.<\/p>\n","protected":false},"excerpt":{"rendered":"<p>CANVAS Oil Painting Dimensiune: 20&#8243; x 24&#8243; Anul: 2026 Inspirat\u0103 de o surpriz\u0103, aceast\u0103 lucrare reflect\u0103 momentele \u00een care grija \u0219i convingerea se \u00eempletesc cu delicate\u021be, asemenea nuan\u021belor pastelate \u0219i luminoase din picturile impresioni\u0219tilor. Sper ca privitorii s\u0103 simt\u0103 o stare de calm, c\u0103ldur\u0103 \u0219i bucurie lini\u0219tit\u0103. Am ales uleiul ca mediu datorit\u0103 capacit\u0103\u021bii sale [&hellip;]<\/p>\n","protected":false},"featured_media":499,"template":"","meta":{"_acf_changed":false},"product_brand":[],"product_cat":[34],"product_tag":[],"class_list":{"0":"post-498","1":"product","2":"type-product","3":"status-publish","4":"has-post-thumbnail","6":"product_cat-shop-art","8":"first","9":"instock","10":"shipping-taxable","11":"purchasable","12":"product-type-simple"},"acf":[],"_links":{"self":[{"href":"https:\/\/novac.us\/ro\/wp-json\/wp\/v2\/product\/498","targetHints":{"allow":["GET"]}}],"collection":[{"href":"https:\/\/novac.us\/ro\/wp-json\/wp\/v2\/product"}],"about":[{"href":"https:\/\/novac.us\/ro\/wp-json\/wp\/v2\/types\/product"}],"wp:featuredmedia":[{"embeddable":true,"href":"https:\/\/novac.us\/ro\/wp-json\/wp\/v2\/media\/499"}],"wp:attachment":[{"href":"https:\/\/novac.us\/ro\/wp-json\/wp\/v2\/media?parent=498"}],"wp:term":[{"taxonomy":"product_brand","embeddable":true,"href":"https:\/\/novac.us\/ro\/wp-json\/wp\/v2\/product_brand?post=498"},{"taxonomy":"product_cat","embeddable":true,"href":"https:\/\/novac.us\/ro\/wp-json\/wp\/v2\/product_cat?post=498"},{"taxonomy":"product_tag","embeddable":true,"href":"https:\/\/novac.us\/ro\/wp-json\/wp\/v2\/product_tag?post=498"}],"curies":[{"name":"wp","href":"https:\/\/api.w.org\/{rel}","templated":true}]}}