{"id":495,"date":"2026-03-30T23:52:34","date_gmt":"2026-03-30T20:52:34","guid":{"rendered":"https:\/\/novac.us\/?post_type=product&#038;p=495"},"modified":"2026-04-14T00:35:07","modified_gmt":"2026-04-13T21:35:07","slug":"artists-debate-dezbatere-intre-artisti","status":"publish","type":"product","link":"https:\/\/novac.us\/ro\/produs\/artists-debate-dezbatere-intre-artisti\/","title":{"rendered":"Dezbaterea Arti\u0219tilor"},"content":{"rendered":"<p>CANVAS Oil Painting<\/p>\n<p>Dimensiune: 20&#8243; x 24&#8243;<\/p>\n<p>Anul: 2026<\/p>\n<p>\u201eDezbaterea Arti\u0219tilor\u201d este o pictur\u0103 \u00een ulei, \u00een tonuri pastelate \u0219i delicate, care surprinde un schimb lini\u0219tit, dar emo\u021bionant, \u00eentre un grup de arti\u0219ti \u00een atelier. Nuan\u021be bl\u00e2nde de roz, albastru pal \u0219i lavand\u0103 cald\u0103 se a\u0219tern u\u0219or peste scen\u0103, cre\u00e2nd o atmosfer\u0103 de calm \u0219i c\u0103ldur\u0103. Vocile se apropie unele de altele prin gesturi expresive, iar conversa\u021bia nu se desf\u0103\u0219oar\u0103 \u00een conflict, ci cu grij\u0103 \u2014 \u00eencerc\u00e2nd s\u0103 \u00eendrume un artist spre drumul potrivit. \u00cen ciuda tensiunii subtile de sub suprafa\u021b\u0103, culorile delicate umplu momentul de bucurie, suger\u00e2nd c\u0103, chiar \u0219i \u00een dezacord, exist\u0103 frumuse\u021be, prietenie \u0219i un scop comun.<\/p>\n","protected":false},"excerpt":{"rendered":"<p>CANVAS Oil Painting Dimensiune: 20&#8243; x 24&#8243; Anul: 2026 \u201eDezbaterea Arti\u0219tilor\u201d este o pictur\u0103 \u00een ulei, \u00een tonuri pastelate \u0219i delicate, care surprinde un schimb lini\u0219tit, dar emo\u021bionant, \u00eentre un grup de arti\u0219ti \u00een atelier. Nuan\u021be bl\u00e2nde de roz, albastru pal \u0219i lavand\u0103 cald\u0103 se a\u0219tern u\u0219or peste scen\u0103, cre\u00e2nd o atmosfer\u0103 de calm \u0219i [&hellip;]<\/p>\n","protected":false},"featured_media":497,"template":"","meta":{"_acf_changed":false},"product_brand":[],"product_cat":[34],"product_tag":[],"class_list":{"0":"post-495","1":"product","2":"type-product","3":"status-publish","4":"has-post-thumbnail","6":"product_cat-shop-art","8":"first","9":"instock","10":"shipping-taxable","11":"purchasable","12":"product-type-simple"},"acf":[],"_links":{"self":[{"href":"https:\/\/novac.us\/ro\/wp-json\/wp\/v2\/product\/495","targetHints":{"allow":["GET"]}}],"collection":[{"href":"https:\/\/novac.us\/ro\/wp-json\/wp\/v2\/product"}],"about":[{"href":"https:\/\/novac.us\/ro\/wp-json\/wp\/v2\/types\/product"}],"wp:featuredmedia":[{"embeddable":true,"href":"https:\/\/novac.us\/ro\/wp-json\/wp\/v2\/media\/497"}],"wp:attachment":[{"href":"https:\/\/novac.us\/ro\/wp-json\/wp\/v2\/media?parent=495"}],"wp:term":[{"taxonomy":"product_brand","embeddable":true,"href":"https:\/\/novac.us\/ro\/wp-json\/wp\/v2\/product_brand?post=495"},{"taxonomy":"product_cat","embeddable":true,"href":"https:\/\/novac.us\/ro\/wp-json\/wp\/v2\/product_cat?post=495"},{"taxonomy":"product_tag","embeddable":true,"href":"https:\/\/novac.us\/ro\/wp-json\/wp\/v2\/product_tag?post=495"}],"curies":[{"name":"wp","href":"https:\/\/api.w.org\/{rel}","templated":true}]}}